{"id":960,"date":"2024-12-17T23:50:47","date_gmt":"2024-12-18T02:50:47","guid":{"rendered":"https:\/\/donnacarolinapratas.com.br\/?post_type=product&#038;p=960"},"modified":"2024-12-17T23:50:47","modified_gmt":"2024-12-18T02:50:47","slug":"colar-tres-coracoes","status":"publish","type":"product","link":"https:\/\/donnacarolinapratas.com.br\/index.php\/product\/colar-tres-coracoes\/","title":{"rendered":"Colar Tr\u00eas Cora\u00e7\u00f5es\u00a0"},"content":{"rendered":"<p>Colar Cartier Tr\u00eas Cora\u00e7\u00f5es<\/p>\n<p>Tamanho: 40cm + 5cm extensor<\/p>\n","protected":false},"excerpt":{"rendered":"<p>Colar Cartier Tr\u00eas Cora\u00e7\u00f5es Tamanho: 40cm + 5cm extensor<\/p>\n","protected":false},"featured_media":956,"comment_status":"open","ping_status":"closed","template":"","meta":[],"product_cat":[36],"product_tag":[],"jetpack_sharing_enabled":true,"_links":{"self":[{"href":"https:\/\/donnacarolinapratas.com.br\/index.php\/wp-json\/wp\/v2\/product\/960"}],"collection":[{"href":"https:\/\/donnacarolinapratas.com.br\/index.php\/wp-json\/wp\/v2\/product"}],"about":[{"href":"https:\/\/donnacarolinapratas.com.br\/index.php\/wp-json\/wp\/v2\/types\/product"}],"replies":[{"embeddable":true,"href":"https:\/\/donnacarolinapratas.com.br\/index.php\/wp-json\/wp\/v2\/comments?post=960"}],"wp:featuredmedia":[{"embeddable":true,"href":"https:\/\/donnacarolinapratas.com.br\/index.php\/wp-json\/wp\/v2\/media\/956"}],"wp:attachment":[{"href":"https:\/\/donnacarolinapratas.com.br\/index.php\/wp-json\/wp\/v2\/media?parent=960"}],"wp:term":[{"taxonomy":"product_cat","embeddable":true,"href":"https:\/\/donnacarolinapratas.com.br\/index.php\/wp-json\/wp\/v2\/product_cat?post=960"},{"taxonomy":"product_tag","embeddable":true,"href":"https:\/\/donnacarolinapratas.com.br\/index.php\/wp-json\/wp\/v2\/product_tag?post=960"}],"curies":[{"name":"wp","href":"https:\/\/api.w.org\/{rel}","templated":true}]}}