{"id":946,"date":"2024-12-17T23:30:27","date_gmt":"2024-12-18T02:30:27","guid":{"rendered":"https:\/\/donnacarolinapratas.com.br\/?post_type=product&#038;p=946"},"modified":"2024-12-17T23:30:27","modified_gmt":"2024-12-18T02:30:27","slug":"colar-duplo-tres-zirconias-navete","status":"publish","type":"product","link":"https:\/\/donnacarolinapratas.com.br\/index.php\/product\/colar-duplo-tres-zirconias-navete\/","title":{"rendered":"Colar Duplo Tr\u00eas Zirc\u00f4nias Navete"},"content":{"rendered":"<p>Colar Cartier Duplo Tr\u00eas Zirc\u00f4nias Navete<\/p>\n<p>Tamanho: 40cm + 5cm extensor<\/p>\n","protected":false},"excerpt":{"rendered":"<p>Colar Cartier Duplo Tr\u00eas Zirc\u00f4nias Navete Tamanho: 40cm + 5cm extensor<\/p>\n","protected":false},"featured_media":947,"comment_status":"open","ping_status":"closed","template":"","meta":[],"product_cat":[36],"product_tag":[],"jetpack_sharing_enabled":true,"_links":{"self":[{"href":"https:\/\/donnacarolinapratas.com.br\/index.php\/wp-json\/wp\/v2\/product\/946"}],"collection":[{"href":"https:\/\/donnacarolinapratas.com.br\/index.php\/wp-json\/wp\/v2\/product"}],"about":[{"href":"https:\/\/donnacarolinapratas.com.br\/index.php\/wp-json\/wp\/v2\/types\/product"}],"replies":[{"embeddable":true,"href":"https:\/\/donnacarolinapratas.com.br\/index.php\/wp-json\/wp\/v2\/comments?post=946"}],"wp:featuredmedia":[{"embeddable":true,"href":"https:\/\/donnacarolinapratas.com.br\/index.php\/wp-json\/wp\/v2\/media\/947"}],"wp:attachment":[{"href":"https:\/\/donnacarolinapratas.com.br\/index.php\/wp-json\/wp\/v2\/media?parent=946"}],"wp:term":[{"taxonomy":"product_cat","embeddable":true,"href":"https:\/\/donnacarolinapratas.com.br\/index.php\/wp-json\/wp\/v2\/product_cat?post=946"},{"taxonomy":"product_tag","embeddable":true,"href":"https:\/\/donnacarolinapratas.com.br\/index.php\/wp-json\/wp\/v2\/product_tag?post=946"}],"curies":[{"name":"wp","href":"https:\/\/api.w.org\/{rel}","templated":true}]}}