{"id":779,"date":"2024-04-03T16:07:19","date_gmt":"2024-04-03T19:07:19","guid":{"rendered":"https:\/\/donnacarolinapratas.com.br\/?post_type=product&#038;p=779"},"modified":"2024-12-18T00:12:14","modified_gmt":"2024-12-18T03:12:14","slug":"anel-dois-circulos-insp-pandora","status":"publish","type":"product","link":"https:\/\/donnacarolinapratas.com.br\/index.php\/product\/anel-dois-circulos-insp-pandora\/","title":{"rendered":"Anel Dois C\u00edrculos Insp. Pandora"},"content":{"rendered":"<p>Anel Envelhecido C\u00edrculo Inspira\u00e7\u00e3o Pandora<\/p>\n<p>N\u00ba 16<\/p>\n","protected":false},"excerpt":{"rendered":"<p>Anel Envelhecido C\u00edrculo Inspira\u00e7\u00e3o Pandora N\u00ba 16<\/p>\n","protected":false},"featured_media":785,"comment_status":"open","ping_status":"closed","template":"","meta":[],"product_cat":[34],"product_tag":[],"jetpack_sharing_enabled":true,"_links":{"self":[{"href":"https:\/\/donnacarolinapratas.com.br\/index.php\/wp-json\/wp\/v2\/product\/779"}],"collection":[{"href":"https:\/\/donnacarolinapratas.com.br\/index.php\/wp-json\/wp\/v2\/product"}],"about":[{"href":"https:\/\/donnacarolinapratas.com.br\/index.php\/wp-json\/wp\/v2\/types\/product"}],"replies":[{"embeddable":true,"href":"https:\/\/donnacarolinapratas.com.br\/index.php\/wp-json\/wp\/v2\/comments?post=779"}],"wp:featuredmedia":[{"embeddable":true,"href":"https:\/\/donnacarolinapratas.com.br\/index.php\/wp-json\/wp\/v2\/media\/785"}],"wp:attachment":[{"href":"https:\/\/donnacarolinapratas.com.br\/index.php\/wp-json\/wp\/v2\/media?parent=779"}],"wp:term":[{"taxonomy":"product_cat","embeddable":true,"href":"https:\/\/donnacarolinapratas.com.br\/index.php\/wp-json\/wp\/v2\/product_cat?post=779"},{"taxonomy":"product_tag","embeddable":true,"href":"https:\/\/donnacarolinapratas.com.br\/index.php\/wp-json\/wp\/v2\/product_tag?post=779"}],"curies":[{"name":"wp","href":"https:\/\/api.w.org\/{rel}","templated":true}]}}