{"id":738,"date":"2024-04-02T22:09:46","date_gmt":"2024-04-03T01:09:46","guid":{"rendered":"https:\/\/donnacarolinapratas.com.br\/?post_type=product&#038;p=738"},"modified":"2024-05-06T21:21:51","modified_gmt":"2024-05-07T00:21:51","slug":"brinco-tres-elos","status":"publish","type":"product","link":"https:\/\/donnacarolinapratas.com.br\/index.php\/product\/brinco-tres-elos\/","title":{"rendered":"Brinco Tr\u00eas Elos"},"content":{"rendered":"<p>Brinco Tr\u00eas Elos Entrela\u00e7ados 9MM<\/p>\n","protected":false},"excerpt":{"rendered":"<p>Brinco Tr\u00eas Elos Entrela\u00e7ados 9MM<\/p>\n","protected":false},"featured_media":739,"comment_status":"open","ping_status":"closed","template":"","meta":[],"product_cat":[35],"product_tag":[],"jetpack_sharing_enabled":true,"_links":{"self":[{"href":"https:\/\/donnacarolinapratas.com.br\/index.php\/wp-json\/wp\/v2\/product\/738"}],"collection":[{"href":"https:\/\/donnacarolinapratas.com.br\/index.php\/wp-json\/wp\/v2\/product"}],"about":[{"href":"https:\/\/donnacarolinapratas.com.br\/index.php\/wp-json\/wp\/v2\/types\/product"}],"replies":[{"embeddable":true,"href":"https:\/\/donnacarolinapratas.com.br\/index.php\/wp-json\/wp\/v2\/comments?post=738"}],"wp:featuredmedia":[{"embeddable":true,"href":"https:\/\/donnacarolinapratas.com.br\/index.php\/wp-json\/wp\/v2\/media\/739"}],"wp:attachment":[{"href":"https:\/\/donnacarolinapratas.com.br\/index.php\/wp-json\/wp\/v2\/media?parent=738"}],"wp:term":[{"taxonomy":"product_cat","embeddable":true,"href":"https:\/\/donnacarolinapratas.com.br\/index.php\/wp-json\/wp\/v2\/product_cat?post=738"},{"taxonomy":"product_tag","embeddable":true,"href":"https:\/\/donnacarolinapratas.com.br\/index.php\/wp-json\/wp\/v2\/product_tag?post=738"}],"curies":[{"name":"wp","href":"https:\/\/api.w.org\/{rel}","templated":true}]}}