{"id":1091,"date":"2024-12-19T18:57:36","date_gmt":"2024-12-19T21:57:36","guid":{"rendered":"https:\/\/donnacarolinapratas.com.br\/?post_type=product&#038;p=1091"},"modified":"2024-12-19T18:57:36","modified_gmt":"2024-12-19T21:57:36","slug":"brinco-trio-coracao-zirconia","status":"publish","type":"product","link":"https:\/\/donnacarolinapratas.com.br\/index.php\/product\/brinco-trio-coracao-zirconia\/","title":{"rendered":"Brinco Trio Cora\u00e7\u00e3o Zirc\u00f4nia"},"content":{"rendered":"<p>4, 5 e 6MM<\/p>\n","protected":false},"excerpt":{"rendered":"<p>4, 5 e 6MM<\/p>\n","protected":false},"featured_media":1092,"comment_status":"open","ping_status":"closed","template":"","meta":[],"product_cat":[35],"product_tag":[],"jetpack_sharing_enabled":true,"_links":{"self":[{"href":"https:\/\/donnacarolinapratas.com.br\/index.php\/wp-json\/wp\/v2\/product\/1091"}],"collection":[{"href":"https:\/\/donnacarolinapratas.com.br\/index.php\/wp-json\/wp\/v2\/product"}],"about":[{"href":"https:\/\/donnacarolinapratas.com.br\/index.php\/wp-json\/wp\/v2\/types\/product"}],"replies":[{"embeddable":true,"href":"https:\/\/donnacarolinapratas.com.br\/index.php\/wp-json\/wp\/v2\/comments?post=1091"}],"wp:featuredmedia":[{"embeddable":true,"href":"https:\/\/donnacarolinapratas.com.br\/index.php\/wp-json\/wp\/v2\/media\/1092"}],"wp:attachment":[{"href":"https:\/\/donnacarolinapratas.com.br\/index.php\/wp-json\/wp\/v2\/media?parent=1091"}],"wp:term":[{"taxonomy":"product_cat","embeddable":true,"href":"https:\/\/donnacarolinapratas.com.br\/index.php\/wp-json\/wp\/v2\/product_cat?post=1091"},{"taxonomy":"product_tag","embeddable":true,"href":"https:\/\/donnacarolinapratas.com.br\/index.php\/wp-json\/wp\/v2\/product_tag?post=1091"}],"curies":[{"name":"wp","href":"https:\/\/api.w.org\/{rel}","templated":true}]}}