{"id":1076,"date":"2024-12-19T18:02:54","date_gmt":"2024-12-19T21:02:54","guid":{"rendered":"https:\/\/donnacarolinapratas.com.br\/?post_type=product&#038;p=1076"},"modified":"2024-12-19T18:02:54","modified_gmt":"2024-12-19T21:02:54","slug":"anel-solitario-cravejado-pedra-coracao","status":"publish","type":"product","link":"https:\/\/donnacarolinapratas.com.br\/index.php\/product\/anel-solitario-cravejado-pedra-coracao\/","title":{"rendered":"Anel Solit\u00e1rio Cravejado Pedra Cora\u00e7\u00e3o"},"content":{"rendered":"<p>N\u00ba 14<\/p>\n","protected":false},"excerpt":{"rendered":"<p>N\u00ba 14<\/p>\n","protected":false},"featured_media":1077,"comment_status":"open","ping_status":"closed","template":"","meta":[],"product_cat":[34],"product_tag":[],"jetpack_sharing_enabled":true,"_links":{"self":[{"href":"https:\/\/donnacarolinapratas.com.br\/index.php\/wp-json\/wp\/v2\/product\/1076"}],"collection":[{"href":"https:\/\/donnacarolinapratas.com.br\/index.php\/wp-json\/wp\/v2\/product"}],"about":[{"href":"https:\/\/donnacarolinapratas.com.br\/index.php\/wp-json\/wp\/v2\/types\/product"}],"replies":[{"embeddable":true,"href":"https:\/\/donnacarolinapratas.com.br\/index.php\/wp-json\/wp\/v2\/comments?post=1076"}],"wp:featuredmedia":[{"embeddable":true,"href":"https:\/\/donnacarolinapratas.com.br\/index.php\/wp-json\/wp\/v2\/media\/1077"}],"wp:attachment":[{"href":"https:\/\/donnacarolinapratas.com.br\/index.php\/wp-json\/wp\/v2\/media?parent=1076"}],"wp:term":[{"taxonomy":"product_cat","embeddable":true,"href":"https:\/\/donnacarolinapratas.com.br\/index.php\/wp-json\/wp\/v2\/product_cat?post=1076"},{"taxonomy":"product_tag","embeddable":true,"href":"https:\/\/donnacarolinapratas.com.br\/index.php\/wp-json\/wp\/v2\/product_tag?post=1076"}],"curies":[{"name":"wp","href":"https:\/\/api.w.org\/{rel}","templated":true}]}}