{"id":1050,"date":"2024-12-19T17:05:54","date_gmt":"2024-12-19T20:05:54","guid":{"rendered":"https:\/\/donnacarolinapratas.com.br\/?post_type=product&#038;p=1050"},"modified":"2024-12-19T17:06:38","modified_gmt":"2024-12-19T20:06:38","slug":"berloque-envelhecido-mini-coracoes","status":"publish","type":"product","link":"https:\/\/donnacarolinapratas.com.br\/index.php\/product\/berloque-envelhecido-mini-coracoes\/","title":{"rendered":"Berloque Envelhecido Mini Cora\u00e7\u00f5es"},"content":{"rendered":"<p>Berloque Inspira\u00e7\u00e3o Pandora<\/p>\n","protected":false},"excerpt":{"rendered":"<p>Berloque Inspira\u00e7\u00e3o Pandora<\/p>\n","protected":false},"featured_media":1047,"comment_status":"open","ping_status":"closed","template":"","meta":[],"product_cat":[38],"product_tag":[],"jetpack_sharing_enabled":true,"_links":{"self":[{"href":"https:\/\/donnacarolinapratas.com.br\/index.php\/wp-json\/wp\/v2\/product\/1050"}],"collection":[{"href":"https:\/\/donnacarolinapratas.com.br\/index.php\/wp-json\/wp\/v2\/product"}],"about":[{"href":"https:\/\/donnacarolinapratas.com.br\/index.php\/wp-json\/wp\/v2\/types\/product"}],"replies":[{"embeddable":true,"href":"https:\/\/donnacarolinapratas.com.br\/index.php\/wp-json\/wp\/v2\/comments?post=1050"}],"wp:featuredmedia":[{"embeddable":true,"href":"https:\/\/donnacarolinapratas.com.br\/index.php\/wp-json\/wp\/v2\/media\/1047"}],"wp:attachment":[{"href":"https:\/\/donnacarolinapratas.com.br\/index.php\/wp-json\/wp\/v2\/media?parent=1050"}],"wp:term":[{"taxonomy":"product_cat","embeddable":true,"href":"https:\/\/donnacarolinapratas.com.br\/index.php\/wp-json\/wp\/v2\/product_cat?post=1050"},{"taxonomy":"product_tag","embeddable":true,"href":"https:\/\/donnacarolinapratas.com.br\/index.php\/wp-json\/wp\/v2\/product_tag?post=1050"}],"curies":[{"name":"wp","href":"https:\/\/api.w.org\/{rel}","templated":true}]}}