{"id":1012,"date":"2024-12-18T23:00:54","date_gmt":"2024-12-19T02:00:54","guid":{"rendered":"https:\/\/donnacarolinapratas.com.br\/?post_type=product&#038;p=1012"},"modified":"2024-12-18T23:00:54","modified_gmt":"2024-12-19T02:00:54","slug":"brinco-coracao-cravejado","status":"publish","type":"product","link":"https:\/\/donnacarolinapratas.com.br\/index.php\/product\/brinco-coracao-cravejado\/","title":{"rendered":"Brinco Cora\u00e7\u00e3o Cravejado"},"content":{"rendered":"<p>Brinco Cora\u00e7\u00e3o Cravejado 7MM<\/p>\n","protected":false},"excerpt":{"rendered":"<p>Brinco Cora\u00e7\u00e3o Cravejado 7MM<\/p>\n","protected":false},"featured_media":1008,"comment_status":"open","ping_status":"closed","template":"","meta":[],"product_cat":[35],"product_tag":[],"jetpack_sharing_enabled":true,"_links":{"self":[{"href":"https:\/\/donnacarolinapratas.com.br\/index.php\/wp-json\/wp\/v2\/product\/1012"}],"collection":[{"href":"https:\/\/donnacarolinapratas.com.br\/index.php\/wp-json\/wp\/v2\/product"}],"about":[{"href":"https:\/\/donnacarolinapratas.com.br\/index.php\/wp-json\/wp\/v2\/types\/product"}],"replies":[{"embeddable":true,"href":"https:\/\/donnacarolinapratas.com.br\/index.php\/wp-json\/wp\/v2\/comments?post=1012"}],"wp:featuredmedia":[{"embeddable":true,"href":"https:\/\/donnacarolinapratas.com.br\/index.php\/wp-json\/wp\/v2\/media\/1008"}],"wp:attachment":[{"href":"https:\/\/donnacarolinapratas.com.br\/index.php\/wp-json\/wp\/v2\/media?parent=1012"}],"wp:term":[{"taxonomy":"product_cat","embeddable":true,"href":"https:\/\/donnacarolinapratas.com.br\/index.php\/wp-json\/wp\/v2\/product_cat?post=1012"},{"taxonomy":"product_tag","embeddable":true,"href":"https:\/\/donnacarolinapratas.com.br\/index.php\/wp-json\/wp\/v2\/product_tag?post=1012"}],"curies":[{"name":"wp","href":"https:\/\/api.w.org\/{rel}","templated":true}]}}